{"id":764,"date":"2018-06-28T01:37:04","date_gmt":"2018-06-28T04:37:04","guid":{"rendered":"https:\/\/isfdriachohehe-for.infd.edu.ar\/sitio\/carreras-docentes\/"},"modified":"2026-03-04T16:28:37","modified_gmt":"2026-03-04T19:28:37","slug":"carreras-docentes","status":"publish","type":"page","link":"https:\/\/isfdriachohehe-for.infd.edu.ar\/sitio\/carreras-docentes\/","title":{"rendered":"CARRERAS"},"content":{"rendered":"<ul>\n<li style=\"text-align: left;\">Profesorado de Educaci\u00f3n Primaria<\/li>\n<li>Tecnicatura Superior en Gesti\u00f3n de la Producci\u00f3n Agropecuaria<\/li>\n<li>Trayecto T\u00e9cnico Profesional en Streaming<\/li>\n<li>Post\u00edtulo: Especializaci\u00f3n en lectura y escritura para el segundo ciclo de la Educaci\u00f3n Primaria<\/li>\n<\/ul>\n","protected":false},"excerpt":{"rendered":"<p>Profesorado de Educaci\u00f3n Primaria Tecnicatura Superior en Gesti\u00f3n de la Producci\u00f3n Agropecuaria Trayecto T\u00e9cnico Profesional en Streaming Post\u00edtulo: Especializaci\u00f3n en lectura y escritura para el segundo ciclo de la Educaci\u00f3n Primaria<\/p>\n","protected":false},"author":9,"featured_media":0,"parent":0,"menu_order":0,"comment_status":"closed","ping_status":"closed","template":"","meta":[],"acf":[],"_links":{"self":[{"href":"https:\/\/isfdriachohehe-for.infd.edu.ar\/sitio\/wp-json\/wp\/v2\/pages\/764"}],"collection":[{"href":"https:\/\/isfdriachohehe-for.infd.edu.ar\/sitio\/wp-json\/wp\/v2\/pages"}],"about":[{"href":"https:\/\/isfdriachohehe-for.infd.edu.ar\/sitio\/wp-json\/wp\/v2\/types\/page"}],"author":[{"embeddable":true,"href":"https:\/\/isfdriachohehe-for.infd.edu.ar\/sitio\/wp-json\/wp\/v2\/users\/9"}],"replies":[{"embeddable":true,"href":"https:\/\/isfdriachohehe-for.infd.edu.ar\/sitio\/wp-json\/wp\/v2\/comments?post=764"}],"version-history":[{"count":1,"href":"https:\/\/isfdriachohehe-for.infd.edu.ar\/sitio\/wp-json\/wp\/v2\/pages\/764\/revisions"}],"predecessor-version":[{"id":891,"href":"https:\/\/isfdriachohehe-for.infd.edu.ar\/sitio\/wp-json\/wp\/v2\/pages\/764\/revisions\/891"}],"wp:attachment":[{"href":"https:\/\/isfdriachohehe-for.infd.edu.ar\/sitio\/wp-json\/wp\/v2\/media?parent=764"}],"curies":[{"name":"wp","href":"https:\/\/api.w.org\/{rel}","templated":true}]}}