{"id":772,"date":"2018-06-28T01:37:07","date_gmt":"2018-06-28T04:37:07","guid":{"rendered":"https:\/\/isfdriachohehe-for.infd.edu.ar\/sitio\/datos-institucionales\/"},"modified":"2026-03-04T16:18:14","modified_gmt":"2026-03-04T19:18:14","slug":"datos-institucionales","status":"publish","type":"page","link":"https:\/\/isfdriachohehe-for.infd.edu.ar\/sitio\/datos-institucionales\/","title":{"rendered":"Datos institucionales"},"content":{"rendered":"<blockquote><p><span style=\"font-family: verdana; font-size: small;\">En esta p\u00e1gina ir\u00e1n los datos institucionales:<\/span><\/p>\n<p style=\"text-align: center;\">I.S.F.D.C Y T RIACHO HE-H\u00c9<\/p>\n<p>Lunes a viernes: 18:30hs a 22:50hs<\/p>\n<ul>\n<li><span style=\"font-family: verdana; font-size: small;\">Nombre completo (incluyendo n\u00famero de ISFD, si corresponde)<\/span><\/li>\n<li><span style=\"font-family: verdana; font-size: small;\">Horarios de atenci\u00f3n<\/span><\/li>\n<li><span style=\"font-family: verdana; font-size: small;\">Direcci\u00f3n<\/span><\/li>\n<li><span style=\"font-family: verdana; font-size: small;\">Tel\u00e9fonos<\/span><\/li>\n<li><span style=\"font-family: verdana; font-size: small;\">E-mail de consultas<\/span><\/li>\n<li><span style=\"font-family: verdana; font-size: small;\">URL<\/span><\/li>\n<\/ul>\n<\/blockquote>\n","protected":false},"excerpt":{"rendered":"<p>En esta p\u00e1gina ir\u00e1n los datos institucionales: I.S.F.D.C Y T RIACHO HE-H\u00c9 Lunes a viernes: 18:30hs a 22:50hs Nombre completo (incluyendo n\u00famero de ISFD, si corresponde) Horarios de atenci\u00f3n Direcci\u00f3n Tel\u00e9fonos E-mail de consultas URL<\/p>\n","protected":false},"author":586,"featured_media":0,"parent":0,"menu_order":0,"comment_status":"closed","ping_status":"closed","template":"","meta":[],"acf":[],"_links":{"self":[{"href":"https:\/\/isfdriachohehe-for.infd.edu.ar\/sitio\/wp-json\/wp\/v2\/pages\/772"}],"collection":[{"href":"https:\/\/isfdriachohehe-for.infd.edu.ar\/sitio\/wp-json\/wp\/v2\/pages"}],"about":[{"href":"https:\/\/isfdriachohehe-for.infd.edu.ar\/sitio\/wp-json\/wp\/v2\/types\/page"}],"author":[{"embeddable":true,"href":"https:\/\/isfdriachohehe-for.infd.edu.ar\/sitio\/wp-json\/wp\/v2\/users\/586"}],"replies":[{"embeddable":true,"href":"https:\/\/isfdriachohehe-for.infd.edu.ar\/sitio\/wp-json\/wp\/v2\/comments?post=772"}],"version-history":[{"count":1,"href":"https:\/\/isfdriachohehe-for.infd.edu.ar\/sitio\/wp-json\/wp\/v2\/pages\/772\/revisions"}],"predecessor-version":[{"id":888,"href":"https:\/\/isfdriachohehe-for.infd.edu.ar\/sitio\/wp-json\/wp\/v2\/pages\/772\/revisions\/888"}],"wp:attachment":[{"href":"https:\/\/isfdriachohehe-for.infd.edu.ar\/sitio\/wp-json\/wp\/v2\/media?parent=772"}],"curies":[{"name":"wp","href":"https:\/\/api.w.org\/{rel}","templated":true}]}}