{"id":789,"date":"2018-06-28T01:37:15","date_gmt":"2018-06-28T04:37:15","guid":{"rendered":"https:\/\/isfdriachohehe-for.infd.edu.ar\/sitio\/calendario-academico\/"},"modified":"2021-02-19T10:19:04","modified_gmt":"2021-02-19T13:19:04","slug":"calendario-academico","status":"publish","type":"page","link":"https:\/\/isfdriachohehe-for.infd.edu.ar\/sitio\/calendario-academico\/","title":{"rendered":"Calendario Acad\u00e9mico"},"content":{"rendered":"<p><span style=\"font-size: 12pt; color: #cc6600; font-family: arial;\"><strong>\u00a0<\/strong><\/span><\/p>\n<p><span style=\"font-size: 10pt; font-family: verdana,geneva;\"><strong><img decoding=\"async\" src=\"https:\/\/isfdriachohehe-for.infd.edu.ar\/sitio\/wp-content\/uploads\/2018\/06\/almanaque.bmp\" alt=\"Almanaque\" border=\"0\" \/><\/strong><\/span><\/p>\n<p><span style=\"font-size: 10pt; font-family: verdana,geneva;\"><strong>Calendario acad\u00e9mico 2021<\/strong><\/span><\/p>\n<table style=\"width: 409px; border: #5090b0 1px solid;\" border=\"1\" cellspacing=\"0\" cellpadding=\"0\" align=\"center\">\n<tbody>\n<tr style=\"background-color: #cfe7e7;\">\n<td style=\"text-align: center;\"><span style=\"font-size: 10pt;\"><strong><span style=\"color: #3b7c78;\">Periodo Escolar<\/span><\/strong><\/span><\/td>\n<\/tr>\n<tr>\n<td style=\"text-align: center;\"><span style=\"font-size: 10pt;\">18 de febrero al 31 de diciembre<\/span><\/td>\n<\/tr>\n<tr style=\"background-color: #cfe7e7;\">\n<td style=\"text-align: center;\"><strong><span style=\"font-size: 10pt;\"><span style=\"background-color: #ffffff;\"><span style=\"color: #3366ff;\"><span style=\"background-color: #cfe7e7;\"><span style=\"color: #3b7c78;\">T\u00e9rmino Lectivo<\/span><\/span><\/span><\/span><\/span><\/strong><\/td>\n<\/tr>\n<tr>\n<td style=\"text-align: center;\"><span style=\"font-size: 10pt;\">22 de marzo al 30 de noviembre<\/span><\/td>\n<\/tr>\n<tr align=\"middle\" valign=\"center\">\n<td style=\"width: 45%; height: 20px; background-color: #ddeaf0; border: #5090b0 1px solid;\" align=\"middle\" valign=\"center\"><span style=\"font-size: 10pt;\"><span style=\"font-family: verdana,geneva;\"><span style=\"color: #3e748e;\"><strong><span style=\"color: #3b7c78;\">Mesas de ex\u00e1menes Febrero-Marzo<\/span><\/strong><\/span><\/span><\/span><\/td>\n<\/tr>\n<tr align=\"middle\" valign=\"center\">\n<td style=\"width: 45%; height: 20px; border: #5090b0 1px solid;\" align=\"middle\" valign=\"center\">\n<p style=\"text-align: left;\"><span style=\"font-size: 10pt;\"><strong>\u00a01er. llamado:<\/strong>\u00a022\u00a0de febrero al\u00a004 de\u00a0marzo<\/span><\/p>\n<p style=\"text-align: left;\"><span style=\"font-size: 10pt;\"><strong><span style=\"font-size: 10pt;\">\u00a02do. llamado<\/span>:\u00a0<\/strong>08 de marzo al 18 de marzo\u00a0<\/span><\/p>\n<\/td>\n<\/tr>\n<tr>\n<td style=\"width: 45%; height: 20px; background-color: #ddeaf0; border: #5090b0 1px solid;\" align=\"middle\" valign=\"center\"><span style=\"font-size: 10pt;\"><span style=\"font-family: verdana,geneva;\"><span style=\"color: #3e748e;\"><strong><span style=\"color: #3b7c78;\">Pri<span style=\"color: #008080;\">m<\/span>er cuatrimestre<\/span><\/strong><\/span><\/span><\/span><\/td>\n<\/tr>\n<tr>\n<td style=\"width: 45%; height: 20px; border: #5090b0 1px solid;\" align=\"middle\" valign=\"center\"><span style=\"font-size: 10pt; font-family: verdana,geneva;\">\u00a022 de marzo al\u00a009 de julio<\/span><\/td>\n<\/tr>\n<tr>\n<td class=\"Titulo1\" style=\"width: 45%; height: 20px; border: #5090b0 1px solid;\" align=\"middle\" valign=\"center\"><span style=\"font-size: 10pt; font-family: verdana,geneva;\">\u00a0<strong><span style=\"background-color: #ffffff; font-size: 10pt;\"><span style=\"color: #008080;\">Taller<\/span>\u00a0<span style=\"color: #008080;\">Inicial<\/span><\/span><\/strong><\/span><\/td>\n<\/tr>\n<tr>\n<td style=\"width: 45%; height: 20px; border: #5090b0 1px solid;\" align=\"middle\" valign=\"center\"><span style=\"font-size: 10pt; font-family: verdana,geneva;\">\u00a001<span style=\"color: #000000;\">\u00a0de marzo al 27 de marzo<\/span><\/span><\/td>\n<\/tr>\n<tr>\n<td style=\"width: 45%; height: 20px; border: #5090b0 1px solid;\" align=\"middle\" valign=\"center\"><span style=\"font-size: 10pt; font-family: verdana,geneva;\"><span style=\"font-size: 10pt;\"><span style=\"font-family: verdana,geneva;\"><span style=\"color: #3e748e;\"><strong><span style=\"color: #3b7c78;\">Mesas de ex\u00e1menes\u00a0Mayo<\/span><\/strong><\/span><\/span><\/span>\u00a0<\/span><\/td>\n<\/tr>\n<tr>\n<td style=\"width: 45%; height: 20px; border: #5090b0 1px solid;\" align=\"middle\" valign=\"center\"><span style=\"font-size: 10pt; font-family: verdana,geneva;\"><span style=\"font-size: 10pt;\"><span style=\"font-family: verdana,geneva;\"><span style=\"color: #3e748e;\"><span style=\"color: #3b7c78;\"><span style=\"color: #000000;\">17 de Mayo al 22 de Mayo<\/span>\u00a0<\/span><\/span><\/span><\/span><\/span><\/td>\n<\/tr>\n<tr>\n<td style=\"width: 45%; height: 20px; background-color: #ddeaf0; border: #5090b0 1px solid;\" align=\"middle\" valign=\"center\"><span style=\"font-size: 10pt;\"><span style=\"font-family: verdana,geneva;\"><span style=\"color: #3e748e;\"><strong><span style=\"color: #3b7c78;\"><span style=\"font-size: 10pt;\"><span style=\"font-family: verdana,geneva;\"><span style=\"color: #3e748e;\"><strong><span style=\"color: #3b7c78;\">Receso invernal<\/span><\/strong><\/span><\/span><\/span>\u00a0<\/span><\/strong><\/span><\/span><\/span><\/td>\n<\/tr>\n<tr>\n<td style=\"width: 45%; height: 20px; border: #5090b0 1px solid;\" align=\"middle\" valign=\"center\"><span style=\"font-size: 10pt; font-family: verdana,geneva;\">12 al\u00a023 de julio\u00a0<\/span><\/td>\n<\/tr>\n<tr>\n<td style=\"width: 45%; height: 20px; background-color: #ddeaf0; border: #5090b0 1px solid;\" align=\"middle\" valign=\"center\"><span style=\"font-size: 10pt;\"><span style=\"font-family: verdana,geneva;\"><span style=\"color: #3e748e;\"><strong><span style=\"color: #3b7c78;\">Mesas de ex\u00e1menes Julio y Agosto<\/span><\/strong><\/span><\/span><\/span><\/td>\n<\/tr>\n<tr>\n<td style=\"width: 45%; height: 20px; text-align: left; border: #5090b0 1px solid;\" valign=\"center\"><span style=\"font-size: 10pt; font-family: verdana,geneva;\"><strong>Turno Julio <\/strong>(\u00fanico llamado)<strong>:<\/strong>\u00a026 de julio al\u00a007 de agosto<\/span><\/p>\n<p><span style=\"font-size: 10pt; font-family: verdana,geneva;\"><strong>Turno Agosto <\/strong>(\u00fanico llamado)<strong>:<\/strong>\u00a009 de\u00a0agosto al\u00a021 de agosto<\/span><\/td>\n<\/tr>\n<tr>\n<td style=\"width: 45%; height: 20px; background-color: #ddeaf0; border: #5090b0 1px solid;\" align=\"middle\" valign=\"center\"><span style=\"font-size: 10pt;\"><span style=\"font-family: verdana,geneva;\"><span style=\"color: #3e748e;\"><strong>Segundo cuatrimestre<\/strong><\/span><\/span><\/span><\/td>\n<\/tr>\n<tr>\n<td style=\"width: 45%; height: 20px; border: #5090b0 1px solid;\" align=\"middle\" valign=\"center\"><span style=\"font-size: 10pt; font-family: verdana,geneva;\">\u00a023 de agosto al 30 de noviembre<\/span><\/td>\n<\/tr>\n<tr>\n<td style=\"width: 45%; height: 20px; background-color: #ddeaf0; border: #5090b0 1px solid;\" align=\"middle\" valign=\"center\"><span style=\"font-size: 10pt;\"><span style=\"font-family: verdana,geneva;\"><span style=\"color: #3e748e;\"><strong><span style=\"color: #3b7c78;\"><span style=\"font-size: 10pt;\"><span style=\"font-family: verdana,geneva;\"><span style=\"color: #3e748e;\"><strong><span style=\"color: #3b7c78;\">Mesas de ex\u00e1menes Octubre<\/span><\/strong><\/span><\/span><\/span>\u00a0<\/span><\/strong><\/span><\/span><\/span><\/td>\n<\/tr>\n<tr>\n<td style=\"width: 45%; height: 20px; background-color: #ddeaf0; border: #5090b0 1px solid;\" align=\"middle\" valign=\"center\"><span style=\"color: #000000; font-size: 10pt;\"><span style=\"font-family: verdana, geneva;\">\u00a011 de Octubre al 16 de Octubre<\/span><\/span><\/td>\n<\/tr>\n<tr>\n<td style=\"width: 45%; height: 20px; background-color: #ddeaf0; border: #5090b0 1px solid;\" align=\"middle\" valign=\"center\"><span style=\"font-size: 10pt;\"><span style=\"font-family: verdana,geneva;\"><span style=\"color: #3e748e;\"><strong><span style=\"color: #3b7c78;\">Mesas de ex\u00e1menes Diciembre<\/span><\/strong><\/span><\/span><\/span><\/td>\n<\/tr>\n<tr>\n<td style=\"width: 45%; height: 20px; text-align: left; border: #5090b0 1px solid;\" valign=\"center\"><span style=\"font-size: 10pt; font-family: verdana,geneva;\">\u00a0<strong>1er. llamado:<\/strong>\u00a002 de diciembre al\u00a014 de diciembre<\/span><\/p>\n<p><span style=\"font-size: 10pt; font-family: verdana,geneva;\"><strong>\u00a0 2do. llamado:\u00a0 <\/strong>15 de diciembre al 31 de diciembre<\/span><\/td>\n<\/tr>\n<\/tbody>\n<\/table>\n","protected":false},"excerpt":{"rendered":"<p>\u00a0 Calendario acad\u00e9mico 2021 Periodo Escolar 18 de febrero al 31 de diciembre T\u00e9rmino Lectivo 22 de marzo al 30 de noviembre Mesas de ex\u00e1menes Febrero-Marzo \u00a01er. llamado:\u00a022\u00a0de febrero al\u00a004 de\u00a0marzo \u00a02do. llamado:\u00a008 de marzo al 18 de marzo\u00a0 Primer cuatrimestre \u00a022 de marzo al\u00a009 de julio \u00a0Taller\u00a0Inicial \u00a001\u00a0de marzo al 27 de marzo Mesas &#8230; <a title=\"Calendario Acad\u00e9mico\" class=\"read-more\" href=\"https:\/\/isfdriachohehe-for.infd.edu.ar\/sitio\/calendario-academico\/\" aria-label=\"More on Calendario Acad\u00e9mico\">[+]<\/a><\/p>\n","protected":false},"author":9,"featured_media":0,"parent":0,"menu_order":0,"comment_status":"closed","ping_status":"closed","template":"","meta":[],"acf":[],"_links":{"self":[{"href":"https:\/\/isfdriachohehe-for.infd.edu.ar\/sitio\/wp-json\/wp\/v2\/pages\/789"}],"collection":[{"href":"https:\/\/isfdriachohehe-for.infd.edu.ar\/sitio\/wp-json\/wp\/v2\/pages"}],"about":[{"href":"https:\/\/isfdriachohehe-for.infd.edu.ar\/sitio\/wp-json\/wp\/v2\/types\/page"}],"author":[{"embeddable":true,"href":"https:\/\/isfdriachohehe-for.infd.edu.ar\/sitio\/wp-json\/wp\/v2\/users\/9"}],"replies":[{"embeddable":true,"href":"https:\/\/isfdriachohehe-for.infd.edu.ar\/sitio\/wp-json\/wp\/v2\/comments?post=789"}],"version-history":[{"count":3,"href":"https:\/\/isfdriachohehe-for.infd.edu.ar\/sitio\/wp-json\/wp\/v2\/pages\/789\/revisions"}],"predecessor-version":[{"id":833,"href":"https:\/\/isfdriachohehe-for.infd.edu.ar\/sitio\/wp-json\/wp\/v2\/pages\/789\/revisions\/833"}],"wp:attachment":[{"href":"https:\/\/isfdriachohehe-for.infd.edu.ar\/sitio\/wp-json\/wp\/v2\/media?parent=789"}],"curies":[{"name":"wp","href":"https:\/\/api.w.org\/{rel}","templated":true}]}}